{"id":906,"date":"2021-04-15T12:25:42","date_gmt":"2021-04-15T12:25:42","guid":{"rendered":"https:\/\/www.innosystec.de\/?page_id=906"},"modified":"2022-10-18T13:42:18","modified_gmt":"2022-10-18T13:42:18","slug":"benefits","status":"publish","type":"page","link":"https:\/\/www.innosystec.de\/de\/benefits\/","title":{"rendered":"Benefits"},"content":{"rendered":"<div class=\"wpb-content-wrapper\"><p>[vc_row full_width=&#8220;stretch_row_content_no_spaces&#8220; content_placement=&#8220;middle&#8220; css=&#8220;.vc_custom_1606897671522{background-image: url(https:\/\/www.innosystec.de\/wp-content\/uploads\/2020\/11\/bg-career.jpg?id=80) !important;background-position: center !important;background-repeat: no-repeat !important;background-size: cover !important;}&#8220;][vc_column][vc_row_inner content_placement=&#8220;middle&#8220; css=&#8220;.vc_custom_1606123187850{padding-top: 100px !important;}&#8220;][vc_column_inner width=&#8220;1\/2&#8243;][vc_single_image image=&#8220;1482&#8243; img_size=&#8220;full&#8220; css=&#8220;.vc_custom_1666100520222{margin-bottom: 0px !important;}&#8220;][\/vc_column_inner][vc_column_inner width=&#8220;1\/2&#8243; css=&#8220;.vc_custom_1606730666938{margin-bottom: 80px !important;padding-top: 30px !important;}&#8220;][vc_column_text]<\/p>\n<h1><strong>Es gibt keinen besonderen Grund daf\u00fcr, warum sich bei uns alle so wohlf\u00fchlen.<\/strong><\/h1>\n<h2>Sondern viele.<\/h2>\n<p>[\/vc_column_text][vc_column_text el_class=&#8220;rows&#8220;]<\/p>\n<ul>\n<li>Sehr attraktive Home Office Regelung<\/li>\n<li>Flexible Arbeitszeiten<\/li>\n<li>Individuelle Weiterbildungen<\/li>\n<li>Flache Hierarchien<\/li>\n<li>Betriebliche Altersvorsorge und weltweite Unfallversicherung<\/li>\n<li>Kostenlose &amp; leckere Snacks, Getr\u00e4nke und Fr\u00fcchte<\/li>\n<li>Tolle Team- und Firmenevents<\/li>\n<li>gro\u00dfe Sonnenterrasse<\/li>\n<\/ul>\n<p><a class=\"back-link\" href=\"https:\/\/www.innosystec.de\/de\/karriere\/\"><strong>Zur\u00fcck zu Karriere<\/strong><\/a>[\/vc_column_text][\/vc_column_inner][\/vc_row_inner][\/vc_column][\/vc_row][vc_row full_width=&#8220;stretch_row_content_no_spaces&#8220; el_class=&#8220;padding&#8220; css=&#8220;.vc_custom_1606897562542{background-color: #ffffff !important;background-position: center !important;background-repeat: no-repeat !important;background-size: contain !important;}&#8220;][vc_column][vc_row_inner][vc_column_inner][vc_column_text]<\/p>\n<h3>Ein Tag im Leben eines INNO &#8230;<\/h3>\n<p>[\/vc_column_text][\/vc_column_inner][\/vc_row_inner][vc_row_inner gap=&#8220;30&#8243; css=&#8220;.vc_custom_1608282368696{background-image: url(https:\/\/www.innosystec.de\/wp-content\/uploads\/2020\/12\/career.jpg?id=667) !important;background-position: center !important;background-repeat: no-repeat !important;background-size: contain !important;}&#8220; el_class=&#8220;day-inno&#8220;][vc_column_inner width=&#8220;1\/4&#8243;]<div class=\"popup-wrapper\"><a href='#' class='popup-box'><h4>Softwareentwickler<\/h4><img decoding=\"async\" src=\"\/wp-content\/themes\/innosystec\/img\/plus.svg\" alt=\"Plus\"><\/a><div class=\"popup-content\"><div class=\"popup-content-inner\"><div class=\"popup-content-left\"><h3>Softwareentwickler<\/h3><img decoding=\"async\" src=\"\/wp-content\/uploads\/2020\/11\/developer.png\" alt=\"Image\"><\/div><div class=\"popup-content-right\"><h3>08:03 Uhr<\/h3><div class=\"timetable\">Daily-Stand-up.<\/p>\n<p>Java Full-Stack Developement.<\/p>\n<p>Web-Frontends mit ReactJS, Redux, Typescript. Fokus auf performanter Darstellung gro\u00dfer Datenmengen im Browser.<\/p>\n<p>Big-Data-Backendentwicklung.<\/p>\n<p>Datenbankentwicklung (Elasticsearch, Minio).<\/p>\n<p>Konzipieren komplexer Systemkomponenten im Team.<\/p>\n<p>Selbstst\u00e4ndige Umsetzung zuvor im Team erstellter Tickets.<\/p>\n<p>Codereviews, um Codestyles zu verbessern \u2013 die eigenen und\/oder die der Kollegen.<\/p>\n<p>Direkter Kundenkontakt: nicht immer, aber immer \u00f6fter, bei INNO oder beim Kunden \u2013 faszinierend zu sehen, wof\u00fcr wir coden, um was es geht und wann welche L\u00f6sung wirklich erfolgreich ist.<\/p>\n<p>Einbindung ins QS: direktes und kompetent fachliches Feedback.<\/p>\n<p>Entwickleraustausch \u201eDevelopers-Workshop\u201c: Gute Gelegenheit, auch in andere Technologien Einblicke zu erhalten.<\/p>\n<p>Praktikanten bei ihrer Programmieraufgabe unterst\u00fctzen, neue Technologien erkl\u00e4ren, Code reviewen.<\/div><h3>17:06 Uhr<\/h3><\/div><img decoding=\"async\" class=\"close\" src=\"\/wp-content\/themes\/innosystec\/img\/close-white.svg\" alt=\"Close\"><\/div><\/div><\/div>[\/vc_column_inner][vc_column_inner width=&#8220;1\/4&#8243;]<div class=\"popup-wrapper\"><a href='#' class='popup-box'><h4>Technischer Berater<\/h4><img decoding=\"async\" src=\"\/wp-content\/themes\/innosystec\/img\/plus.svg\" alt=\"Plus\"><\/a><div class=\"popup-content\"><div class=\"popup-content-inner\"><div class=\"popup-content-left\"><h3>Technischer Berater<\/h3><img decoding=\"async\" src=\"\/wp-content\/uploads\/2020\/12\/laura.png\" alt=\"Image\"><\/div><div class=\"popup-content-right\"><h3>08:03 Uhr<\/h3><div class=\"timetable\"><\/p>\n<div class=\"p-insights-nav\">\n<p>8:03 Uhr: Einchecken und los geht&#8217;s. Erstmal einen Kaffee holen und die liegengebliebenen Mails von gestern sichten&#8230;<\/p>\n<p>8:30 Uhr: Daily-Stand-up mit dem Team, aktuell sind keine Blocker zu beklagen, deshalb geht&#8217;s heute auch schnell.<\/p>\n<p>8:35 Uhr: User-Story &#8222;in Progress&#8220; f\u00fcr die neue Visualisierung im JIRA aufgesetzt, durchstarten auf einem neuen Feature-Branch.<\/p>\n<p>10:45 Uhr: In der Kaffeek\u00fcche von einem Kollegen um Unterst\u00fctzung bei einem Rebase gebeten worden, nach ein paar Aufrufen von Git (&#8222;reset &#8211;hard&#8220;) ist der Jenkins-Build wieder gr\u00fcn.<\/p>\n<p>12:00 Uhr: Mittagessen mit Kollegen beim Italiener.<\/p>\n<p>12:45 Uhr: Zur\u00fcck am Arbeitsplatz. W\u00e4hrend der Mittagspause ist von der QA-Abteilung ein kritischer Bugreport eingegangen. Zum Gl\u00fcck lokal in einem Unit-Test reproduzierbar. Wieder mal ein typischer Off-by-one-Fehler und schnell behoben.<\/p>\n<p>13:00 Uhr: Konzeptmeeting zur Verbesserung der Ausfallresistenz unsere Systeme. Je nach Einsatzort kann es dauern, bis jemand nach dem Rechten sieht, deshalb m\u00fcssen die Systeme so autark wie m\u00f6glich laufen.<\/p>\n<p>15:00 Uhr: Weiter an der Visualisierungsstory. Gute Ideen beim Mittagessen gehabt, wie sich die Datenabfrage optimieren l\u00e4sst.<\/p>\n<p>17:00 Uhr: Feierabend. Jetzt mit Kollegen noch eine Runde um den Schlosssee laufen &#8211; und bei dem warmen Wetter auch zur Abk\u00fchlung reinspringen.<\/p><\/div>\n<p><\/div><h3>17:00 Uhr<\/h3><\/div><img decoding=\"async\" class=\"close\" src=\"\/wp-content\/themes\/innosystec\/img\/close-white.svg\" alt=\"Close\"><\/div><\/div><\/div>[\/vc_column_inner][vc_column_inner width=&#8220;1\/4&#8243;]<div class=\"popup-wrapper\"><a href='#' class='popup-box'><h4>Softwarearchitekten<\/h4><img decoding=\"async\" src=\"\/wp-content\/themes\/innosystec\/img\/plus.svg\" alt=\"Plus\"><\/a><div class=\"popup-content\"><div class=\"popup-content-inner\"><div class=\"popup-content-left\"><h3>Softwarearchitekten<\/h3><img decoding=\"async\" src=\"\/wp-content\/uploads\/2020\/12\/fabian.png\" alt=\"Image\"><\/div><div class=\"popup-content-right\"><h3>08:03 Uhr<\/h3><div class=\"timetable\">E-Mails lesen.<\/p>\n<p>Termine checken.<\/p>\n<p>Tee trinken.<\/p>\n<p>Testsysteme pr\u00fcfen, ob noch alles l\u00e4uft.<\/p>\n<p>Fragen von Kollegen vom Vortag \u00fcber Mattermost beantworten.<\/p>\n<p>Ein bisschen programmieren.<\/p>\n<p>Daily-Stand-up.<\/p>\n<p>Fragen von Kollegen zu Arbeitspaketen beantworten und Design-Entscheidungen treffen.<\/p>\n<p>Fortschritt im Projekt \u00fcber JIRA pr\u00fcfen.<\/p>\n<p>Verantwortung gerecht werden, Ansprechpartner f\u00fcr das Team sein: Fortschritt eines Arbeitspaketes beim Entwickler anschauen und kurzes Review.<\/p>\n<p>Fragen von Kollegen aus anderen Projekten oder QK beantworten.<\/p>\n<p>Mittagessen.<\/p>\n<p>JIRA Tickets f\u00fcr Funktionen, die demn\u00e4chst anstehen, schreiben.<\/p>\n<p>Irgendein Meeting.<\/p>\n<p>Technisches Review und Testen von neuen Funktionen.<\/p>\n<p>Konzepte f\u00fcr neue Funktionen erstellen.<\/p>\n<p>Nochmal ein bisschen programmieren. Gott sei Dank. Nicht aus der \u00dcbung kommen, denn gerade das macht besonders Spa\u00df.<\/p>\n<p>Feierabend.<\/div><h3>17:06 Uhr<\/h3><\/div><img decoding=\"async\" class=\"close\" src=\"\/wp-content\/themes\/innosystec\/img\/close-white.svg\" alt=\"Close\"><\/div><\/div><\/div>[\/vc_column_inner][vc_column_inner width=&#8220;1\/4&#8243;]<div class=\"popup-wrapper\"><a href='#' class='popup-box'><h4>techn. Projektleiter<\/h4><img decoding=\"async\" src=\"\/wp-content\/themes\/innosystec\/img\/plus.svg\" alt=\"Plus\"><\/a><div class=\"popup-content\"><div class=\"popup-content-inner\"><div class=\"popup-content-left\"><h3>techn. Projektleiter<\/h3><img decoding=\"async\" src=\"\/wp-content\/uploads\/2020\/12\/elisabeth.png\" alt=\"Image\"><\/div><div class=\"popup-content-right\"><h3>08:03 Uhr<\/h3><div class=\"timetable\">Start in den Tag mit dem &#8218;Daily-Stand-up&#8216;.<\/p>\n<p>Kaffeepause: mit Kollegen aktuelle Themen diskutieren.<\/p>\n<p>Kundenfragen kl\u00e4ren und Team strukturieren.<\/p>\n<p>Sprint planning.<\/p>\n<p>Yes, it&#8217;s Tuesday: teilnehmen am w\u00f6chentlichen Developer Workshop.<\/p>\n<p>Backlog Refinement.<\/p>\n<p>Kunden-Demo.<\/p>\n<p>Retrospektive.<\/p>\n<p>Programmieren.<\/p>\n<p>An den OKRs arbeiten, um meine Ziele zu erreichen.<\/p>\n<p>Yes it&#8217;s Friday: Afterwork um 16:00 Uhr mit den Kollegen.<\/p>\n<p>Yes it&#8217;s Weekend: Keine Arbeit heute.<\/div><h3>17:06 Uhr<\/h3><\/div><img decoding=\"async\" class=\"close\" src=\"\/wp-content\/themes\/innosystec\/img\/close-white.svg\" alt=\"Close\"><\/div><\/div><\/div>[\/vc_column_inner][\/vc_row_inner][\/vc_column][\/vc_row][vc_row el_class=&#8220;padding&#8220; css=&#8220;.vc_custom_1618495065966{padding-top: 0px !important;background-color: #ffffff !important;}&#8220;][vc_column][vc_column_text]<\/p>\n<h2 style=\"text-align: center;\"><strong>Bereit?\u00a0<\/strong><\/h2>\n<h2 style=\"text-align: center;\">Finde den passenden Job oder schreib eine Initiativbewerbung.<\/h2>\n<p>[\/vc_column_text][vc_row_inner el_class=&#8220;centered&#8220;][vc_column_inner][vc_btn title=&#8220;Stellenangebote&#8220; align=&#8220;center&#8220; link=&#8220;url:https%3A%2F%2Finnosystec.softgarden.io%2Fde%2Fvacancies|target:_blank&#8220; el_class=&#8220;inline&#8220;][vc_btn title=&#8220;Initiativbewerbung&#8220; align=&#8220;center&#8220; link=&#8220;url:https%3A%2F%2Fshort.sg%2Fa%2F4609559%20%20%20|target:_blank&#8220; el_class=&#8220;inline&#8220;][\/vc_column_inner][\/vc_row_inner][\/vc_column][\/vc_row]<\/p>\n<\/div>","protected":false},"excerpt":{"rendered":"<p>[vc_row full_width=&#8220;stretch_row_content_no_spaces&#8220; content_placement=&#8220;middle&#8220; css=&#8220;.vc_custom_1606897671522{background-image: url(https:\/\/www.innosystec.de\/wp-content\/uploads\/2020\/11\/bg-career.jpg?id=80) !important;background-position: center !important;background-repeat: no-repeat !important;background-size: cover !important;}&#8220;][vc_column][vc_row_inner content_placement=&#8220;middle&#8220; css=&#8220;.vc_custom_1606123187850{padding-top: 100px !important;}&#8220;][vc_column_inner width=&#8220;1\/2&#8243;][vc_single_image image=&#8220;1482&#8243; img_size=&#8220;full&#8220; css=&#8220;.vc_custom_1666100520222{margin-bottom: 0px !important;}&#8220;][\/vc_column_inner][vc_column_inner width=&#8220;1\/2&#8243; css=&#8220;.vc_custom_1606730666938{margin-bottom: 80px !important;padding-top: 30px !important;}&#8220;][vc_column_text] Es gibt [&hellip;]<\/p>\n","protected":false},"author":1,"featured_media":0,"parent":0,"menu_order":0,"comment_status":"closed","ping_status":"closed","template":"","meta":{"footnotes":""},"class_list":["post-906","page","type-page","status-publish","hentry"],"yoast_head":"<!-- This site is optimized with the Yoast SEO plugin v24.9 - https:\/\/yoast.com\/wordpress\/plugins\/seo\/ -->\n<title>Benefits &#8211; INNOSYSTEC GmbH<\/title>\n<meta name=\"robots\" content=\"index, follow, max-snippet:-1, max-image-preview:large, max-video-preview:-1\" \/>\n<link rel=\"canonical\" href=\"https:\/\/www.innosystec.de\/de\/benefits\/\" \/>\n<meta property=\"og:locale\" content=\"de_DE\" \/>\n<meta property=\"og:type\" content=\"article\" \/>\n<meta property=\"og:title\" content=\"Benefits &#8211; INNOSYSTEC GmbH\" \/>\n<meta property=\"og:description\" content=\"[vc_row full_width=&#8220;stretch_row_content_no_spaces&#8220; content_placement=&#8220;middle&#8220; css=&#8220;.vc_custom_1606897671522{background-image: url(https:\/\/www.innosystec.de\/wp-content\/uploads\/2020\/11\/bg-career.jpg?id=80) !important;background-position: center !important;background-repeat: no-repeat !important;background-size: cover !important;}&#8220;][vc_column][vc_row_inner content_placement=&#8220;middle&#8220; css=&#8220;.vc_custom_1606123187850{padding-top: 100px !important;}&#8220;][vc_column_inner width=&#8220;1\/2&#8243;][vc_single_image image=&#8220;1482&#8243; img_size=&#8220;full&#8220; css=&#8220;.vc_custom_1666100520222{margin-bottom: 0px !important;}&#8220;][\/vc_column_inner][vc_column_inner width=&#8220;1\/2&#8243; css=&#8220;.vc_custom_1606730666938{margin-bottom: 80px !important;padding-top: 30px !important;}&#8220;][vc_column_text] Es gibt [&hellip;]\" \/>\n<meta property=\"og:url\" content=\"https:\/\/www.innosystec.de\/de\/benefits\/\" \/>\n<meta property=\"og:site_name\" content=\"INNOSYSTEC GmbH\" \/>\n<meta property=\"article:publisher\" content=\"https:\/\/www.facebook.com\/INNOSYSTECGmbH\/\" \/>\n<meta property=\"article:modified_time\" content=\"2022-10-18T13:42:18+00:00\" \/>\n<meta name=\"twitter:card\" content=\"summary_large_image\" \/>\n<meta name=\"twitter:label1\" content=\"Est. reading time\" \/>\n\t<meta name=\"twitter:data1\" content=\"3\u00a0Minuten\" \/>\n<script type=\"application\/ld+json\" class=\"yoast-schema-graph\">{\"@context\":\"https:\/\/schema.org\",\"@graph\":[{\"@type\":\"WebPage\",\"@id\":\"https:\/\/www.innosystec.de\/de\/benefits\/\",\"url\":\"https:\/\/www.innosystec.de\/de\/benefits\/\",\"name\":\"Benefits &#8211; INNOSYSTEC GmbH\",\"isPartOf\":{\"@id\":\"https:\/\/www.innosystec.de\/#website\"},\"datePublished\":\"2021-04-15T12:25:42+00:00\",\"dateModified\":\"2022-10-18T13:42:18+00:00\",\"breadcrumb\":{\"@id\":\"https:\/\/www.innosystec.de\/de\/benefits\/#breadcrumb\"},\"inLanguage\":\"de\",\"potentialAction\":[{\"@type\":\"ReadAction\",\"target\":[\"https:\/\/www.innosystec.de\/de\/benefits\/\"]}]},{\"@type\":\"BreadcrumbList\",\"@id\":\"https:\/\/www.innosystec.de\/de\/benefits\/#breadcrumb\",\"itemListElement\":[{\"@type\":\"ListItem\",\"position\":1,\"name\":\"Home\",\"item\":\"https:\/\/www.innosystec.de\/de\/\"},{\"@type\":\"ListItem\",\"position\":2,\"name\":\"Benefits\"}]},{\"@type\":\"WebSite\",\"@id\":\"https:\/\/www.innosystec.de\/#website\",\"url\":\"https:\/\/www.innosystec.de\/\",\"name\":\"INNOSYSTEC GmbH\",\"description\":\"\",\"potentialAction\":[{\"@type\":\"SearchAction\",\"target\":{\"@type\":\"EntryPoint\",\"urlTemplate\":\"https:\/\/www.innosystec.de\/?s={search_term_string}\"},\"query-input\":{\"@type\":\"PropertyValueSpecification\",\"valueRequired\":true,\"valueName\":\"search_term_string\"}}],\"inLanguage\":\"de\"}]}<\/script>\n<!-- \/ Yoast SEO plugin. -->","yoast_head_json":{"title":"Benefits &#8211; INNOSYSTEC GmbH","robots":{"index":"index","follow":"follow","max-snippet":"max-snippet:-1","max-image-preview":"max-image-preview:large","max-video-preview":"max-video-preview:-1"},"canonical":"https:\/\/www.innosystec.de\/de\/benefits\/","og_locale":"de_DE","og_type":"article","og_title":"Benefits &#8211; INNOSYSTEC GmbH","og_description":"[vc_row full_width=&#8220;stretch_row_content_no_spaces&#8220; content_placement=&#8220;middle&#8220; css=&#8220;.vc_custom_1606897671522{background-image: url(https:\/\/www.innosystec.de\/wp-content\/uploads\/2020\/11\/bg-career.jpg?id=80) !important;background-position: center !important;background-repeat: no-repeat !important;background-size: cover !important;}&#8220;][vc_column][vc_row_inner content_placement=&#8220;middle&#8220; css=&#8220;.vc_custom_1606123187850{padding-top: 100px !important;}&#8220;][vc_column_inner width=&#8220;1\/2&#8243;][vc_single_image image=&#8220;1482&#8243; img_size=&#8220;full&#8220; css=&#8220;.vc_custom_1666100520222{margin-bottom: 0px !important;}&#8220;][\/vc_column_inner][vc_column_inner width=&#8220;1\/2&#8243; css=&#8220;.vc_custom_1606730666938{margin-bottom: 80px !important;padding-top: 30px !important;}&#8220;][vc_column_text] Es gibt [&hellip;]","og_url":"https:\/\/www.innosystec.de\/de\/benefits\/","og_site_name":"INNOSYSTEC GmbH","article_publisher":"https:\/\/www.facebook.com\/INNOSYSTECGmbH\/","article_modified_time":"2022-10-18T13:42:18+00:00","twitter_card":"summary_large_image","twitter_misc":{"Est. reading time":"3\u00a0Minuten"},"schema":{"@context":"https:\/\/schema.org","@graph":[{"@type":"WebPage","@id":"https:\/\/www.innosystec.de\/de\/benefits\/","url":"https:\/\/www.innosystec.de\/de\/benefits\/","name":"Benefits &#8211; INNOSYSTEC GmbH","isPartOf":{"@id":"https:\/\/www.innosystec.de\/#website"},"datePublished":"2021-04-15T12:25:42+00:00","dateModified":"2022-10-18T13:42:18+00:00","breadcrumb":{"@id":"https:\/\/www.innosystec.de\/de\/benefits\/#breadcrumb"},"inLanguage":"de","potentialAction":[{"@type":"ReadAction","target":["https:\/\/www.innosystec.de\/de\/benefits\/"]}]},{"@type":"BreadcrumbList","@id":"https:\/\/www.innosystec.de\/de\/benefits\/#breadcrumb","itemListElement":[{"@type":"ListItem","position":1,"name":"Home","item":"https:\/\/www.innosystec.de\/de\/"},{"@type":"ListItem","position":2,"name":"Benefits"}]},{"@type":"WebSite","@id":"https:\/\/www.innosystec.de\/#website","url":"https:\/\/www.innosystec.de\/","name":"INNOSYSTEC GmbH","description":"","potentialAction":[{"@type":"SearchAction","target":{"@type":"EntryPoint","urlTemplate":"https:\/\/www.innosystec.de\/?s={search_term_string}"},"query-input":{"@type":"PropertyValueSpecification","valueRequired":true,"valueName":"search_term_string"}}],"inLanguage":"de"}]}},"_links":{"self":[{"href":"https:\/\/www.innosystec.de\/de\/wp-json\/wp\/v2\/pages\/906","targetHints":{"allow":["GET"]}}],"collection":[{"href":"https:\/\/www.innosystec.de\/de\/wp-json\/wp\/v2\/pages"}],"about":[{"href":"https:\/\/www.innosystec.de\/de\/wp-json\/wp\/v2\/types\/page"}],"author":[{"embeddable":true,"href":"https:\/\/www.innosystec.de\/de\/wp-json\/wp\/v2\/users\/1"}],"replies":[{"embeddable":true,"href":"https:\/\/www.innosystec.de\/de\/wp-json\/wp\/v2\/comments?post=906"}],"version-history":[{"count":7,"href":"https:\/\/www.innosystec.de\/de\/wp-json\/wp\/v2\/pages\/906\/revisions"}],"predecessor-version":[{"id":1485,"href":"https:\/\/www.innosystec.de\/de\/wp-json\/wp\/v2\/pages\/906\/revisions\/1485"}],"wp:attachment":[{"href":"https:\/\/www.innosystec.de\/de\/wp-json\/wp\/v2\/media?parent=906"}],"curies":[{"name":"wp","href":"https:\/\/api.w.org\/{rel}","templated":true}]}}