{"id":459,"date":"2020-12-16T15:24:28","date_gmt":"2020-12-16T15:24:28","guid":{"rendered":"https:\/\/2020.innosystec.de\/?page_id=459"},"modified":"2026-02-10T12:59:30","modified_gmt":"2026-02-10T12:59:30","slug":"ueber-uns","status":"publish","type":"page","link":"https:\/\/www.innosystec.de\/de\/ueber-uns\/","title":{"rendered":"\u00dcber uns"},"content":{"rendered":"<div class=\"wpb-content-wrapper\"><p>[vc_row full_width=&#8220;stretch_row_content_no_spaces&#8220; full_height=&#8220;yes&#8220; content_placement=&#8220;middle&#8220; awb_type=&#8220;video&#8220; awb_image_background_position=&#8220;50% 50%&#8220; awb_video_mobile=&#8220;1&#8243; awb_image=&#8220;449&#8243; awb_video_mp4=&#8220;447&#8243; el_class=&#8220;smaller&#8220;][vc_column width=&#8220;1\/2&#8243;][\/vc_column][vc_column width=&#8220;1\/2&#8243; el_class=&#8220;hero&#8220;][vc_column_text css=&#8220;&#8220;]<\/p>\n<h2>INNO ist ein mittelst\u00e4ndisches, inhabergef\u00fchrtes IT-Unternehmen, das f\u00fcr Zuverl\u00e4ssigkeit, Dom\u00e4nen Know-how und Leidenschaft f\u00fcr Technologie steht. Wir verwandeln Massendaten in Wissen f\u00fcr entscheidende Erkenntnisse. Im richtigen Moment. Zum richtigen Zeitpunkt.<\/h2>\n<p>[\/vc_column_text][\/vc_column][\/vc_row][vc_row full_width=&#8220;stretch_row_content_no_spaces&#8220; el_class=&#8220;padding dark&#8220;][vc_column][vc_row_inner][vc_column_inner][vc_column_text]<\/p>\n<h3>Stimmen<\/h3>\n<p>[\/vc_column_text][\/vc_column_inner][\/vc_row_inner]<section class=\"elegant-tabs-container\">\n\t\t\t<div class=\"et-tabs et-horizontal et-inherit-desktop et-tabs-style-line tab-class-2919975076 et-align-left\"\n\t\t\tdata-tab_style=\"line\"\n\t\t\tdata-active-bg=\"\"\n\t\t\tdata-active-text=\"\"\n\t\t\tdata-hover-bg=\"\"\n\t\t\tdata-hover-text=\"\"\n\t\t\tdata-active-tab=\"0\"\n\t\t\tdata-auto-switch-tab=\"no\"\n\t\t\tdata-switch-interval=\"5\"  >\n\t\t\t<nav class=\"elegant-tabs-nav\" style=\"\">\n\t\t\t<ul class=\"elegant-tabs-list-container\" style=\"color:;\">\n\t\t\t<li style=\"\" ><a class=\"et-anchor-tag\" style=\"--border-color:;\" href=\"#\" target=\"\" data-href=\"#section-1606205397403-4-2\"><span style=\"\" class=\"et-tab-title no-icon\">CEO<\/span><\/a><\/li><li style=\"\" ><a class=\"et-anchor-tag\" style=\"--border-color:;\" href=\"#\" target=\"\" data-href=\"#section-1652177110952-5-3\"><span style=\"\" class=\"et-tab-title no-icon\">CEO<\/span><\/a><\/li><li style=\"\" ><a class=\"et-anchor-tag\" style=\"--border-color:;\" href=\"#\" target=\"\" data-href=\"#section-1690870478385-3-3\"><span style=\"\" class=\"et-tab-title no-icon\">Gr\u00fcnder<\/span><\/a><\/li>\n\t\t\t<\/ul>\n\t\t\t<\/nav>\n\t\t\t<div class=\"et-content-wrap\">\n\t\t\t<section id=\"section-1606205397403-4-2\" class=\"tab\" data-animation=\"\" style=\"background:; color:;\"><div class=\"infi-content-wrapper\">[vc_row_inner][vc_column_inner width=&#8220;1\/3&#8243;][vc_single_image image=&#8220;2009&#8243; img_size=&#8220;full&#8220;][\/vc_column_inner][vc_column_inner width=&#8220;2\/3&#8243;][vc_column_text]<\/p>\n<blockquote><p>&#8222;Was INNO ausmacht ist unsere flache Hierarchie, Hands-On Mentalit\u00e4t und l\u00f6sungsorientierte Umsetzung. Wir arbeiten agil und mit dem Kunden im Fokus.\u201c<\/p><\/blockquote>\n<h6>Camilla von Baer<\/h6>\n<p>[\/vc_column_text][\/vc_column_inner][\/vc_row_inner]<\/div><\/section><section id=\"section-1652177110952-5-3\" class=\"tab\" data-animation=\"\" style=\"background:; color:;\"><div class=\"infi-content-wrapper\">[vc_row_inner][vc_column_inner width=&#8220;1\/3&#8243;][vc_single_image image=&#8220;2006&#8243; img_size=&#8220;full&#8220;][\/vc_column_inner][vc_column_inner width=&#8220;2\/3&#8243;][vc_column_text]<\/p>\n<blockquote>\n<p class=\"mcntmsonormal1\">\u201eMit unserer top motivierten und hochspezialisierten INNO-Mannschaft werden wir unsere bisherige Erfolgsgeschichte fortschreiben und unsere L\u00f6sungen und Produkte f\u00fcr nationale und internationale Kunden weiter ausbauen.\u201c<\/p>\n<\/blockquote>\n<h6>Stefan G\u00fcnzel<\/h6>\n<p>[\/vc_column_text][\/vc_column_inner][\/vc_row_inner]<\/div><\/section><section id=\"section-1690870478385-3-3\" class=\"tab\" data-animation=\"\" style=\"background:; color:;\"><div class=\"infi-content-wrapper\">[vc_row_inner][vc_column_inner width=&#8220;1\/3&#8243;][vc_single_image image=&#8220;1211&#8243; img_size=&#8220;full&#8220;][\/vc_column_inner][vc_column_inner width=&#8220;2\/3&#8243;][vc_column_text css=&#8220;&#8220;]<\/p>\n<blockquote>\n<p class=\"mcntmsonormal1\">\u201eUnser Software Ansatz, Multi-Massendaten Analyse zu entwickeln, hat sich als \u00e4u\u00dferst erfolgreich erwiesen. Das zeigt nicht nur unsere lange Pr\u00e4senz am Markt, sondern auch, dass unser Release dieses Jahr bereits in die 22. Version geht.&#8220;<\/p>\n<\/blockquote>\n<h6>Peter Zerwes<\/h6>\n<p>[\/vc_column_text][\/vc_column_inner][\/vc_row_inner]<\/div><\/section>\n\t\t\t<\/div> <!-- \/et-content-wrap -->\n\t\t\t<\/div> <!-- \/et-tabs -->\n\t\t\t<\/section>[vc_row_inner][vc_column_inner][vc_column_text]<\/p>\n<h3>Video<\/h3>\n<p>[\/vc_column_text][\/vc_column_inner][\/vc_row_inner][vc_row_inner][vc_column_inner]    <script>\n        jQuery(document).ready(function(){\n            jQuery('.youtube-video-with-thumbnail .thumbnail').on('click', function(e){\n                console.log('click')\n                jQuery(e.currentTarget).hide();\n                let el = jQuery(e.currentTarget).parent().find('iframe')[0];\n                jQuery(el).attr('src', jQuery(el).attr('src') + '&autoplay=1');\n            })\n        });\n    <\/script>\n    <div class=\"youtube-video-with-thumbnail\">\n\n                    <div class=\"thumbnail\" style=\"background-image:url('https:\/\/www.innosystec.de\/wp-content\/uploads\/2025\/11\/251118_Standbild_Video_DSC_4177_komp-scaled.jpg')\">\n            <svg xmlns=\"http:\/\/www.w3.org\/2000\/svg\" width=\"126\" height=\"126\" fill=\"none\"><circle cx=\"63\" cy=\"63\" r=\"63\" fill=\"#232650\"\/><path fill=\"#fff\" d=\"M50.306 90a5.042 5.042 0 0 1-2.519-.692 5.71 5.71 0 0 1-2.056-2.135 5.857 5.857 0 0 1-.73-2.899V41.72a5.836 5.836 0 0 1 .727-2.9c.49-.885 1.2-1.621 2.06-2.133a4.995 4.995 0 0 1 2.58-.687c.906.01 1.792.268 2.566.746l35.638 21.776a5.236 5.236 0 0 1 1.78 1.917 5.366 5.366 0 0 1 0 5.116 5.237 5.237 0 0 1-1.78 1.918L52.934 89.249a5.048 5.048 0 0 1-2.628.751Zm0-49.3a.425.425 0 0 0-.242.076 1.066 1.066 0 0 0-.356.414 1.091 1.091 0 0 0-.107.54v42.555a1.09 1.09 0 0 0 .107.54c.081.168.204.31.356.415a.461.461 0 0 0 .526 0l35.642-21.776a.64.64 0 0 0 .188-.456.65.65 0 0 0-.188-.456L50.58 40.808a.518.518 0 0 0-.258-.091l-.015-.017Z\"\/><\/svg>\n        <\/div>\n                <div class=\"BorlabsCookie _brlbs-cb-youtube\"><div class=\"_brlbs-content-blocker\"> <div class=\"_brlbs-embed _brlbs-video-youtube\"> <img class=\"_brlbs-thumbnail\" src=\"https:\/\/www.innosystec.de\/wp-content\/plugins\/borlabs-cookie\/assets\/images\/cb-no-thumbnail.png\" alt=\"YouTube\"> <div class=\"_brlbs-caption\"> <p>By loading the video, you agree to YouTube's privacy policy.<br><a href=\"https:\/\/policies.google.com\/privacy?hl=en&amp;gl=en\" target=\"_blank\" rel=\"nofollow noopener noreferrer\">Learn more<\/a><\/p> <p><a class=\"_brlbs-btn _brlbs-icon-play-white\" href=\"#\" data-borlabs-cookie-unblock role=\"button\">Load video<\/a><\/p> <p><label><input type=\"checkbox\" name=\"unblockAll\" value=\"1\" checked> <small>Always unblock YouTube<\/small><\/label><\/p> <\/div> <\/div> <\/div><div class=\"borlabs-hide\" data-borlabs-cookie-type=\"content-blocker\" data-borlabs-cookie-id=\"youtube\"><script type=\"text\/template\">PGlmcmFtZSBzcmM9Imh0dHBzOi8vd3d3LnlvdXR1YmUtbm9jb29raWUuY29tL2VtYmVkL0ptaGhYeTlLNC04P3NpPXBxMUVTSW01dFAyaHcxSUUmYW1wO2NjX2xvYWRfcG9saWN5PTEmYW1wO2NjX2xhbmdfcHJlZj1lbi1nYj9yZWw9MCIgdGl0bGU9IllvdVR1YmUgdmlkZW8gcGxheWVyIiBmcmFtZWJvcmRlcj0iMCIgYWxsb3c9ImFjY2VsZXJvbWV0ZXI7IGF1dG9wbGF5OyBjbGlwYm9hcmQtd3JpdGU7IGVuY3J5cHRlZC1tZWRpYTsgZ3lyb3Njb3BlOyBwaWN0dXJlLWluLXBpY3R1cmUiIGFsbG93ZnVsbHNjcmVlbj48L2lmcmFtZT4=<\/script><\/div><\/div>\n    <\/div>\n[\/vc_column_inner][\/vc_row_inner][\/vc_column][\/vc_row][vc_row css=&#8220;.vc_custom_1626269625028{background-color: #ffffff !important;}&#8220;][vc_column][vc_single_image image=&#8220;959&#8243; img_size=&#8220;full&#8220; el_id=&#8220;lottie-about-placeholder&#8220;][vc_raw_html]JTNDZGl2JTIwaWQlM0QlMjJsb3R0aWUtYWJvdXQtd3JhcHBlciUyMiUzRSUwQSUyMCUyMCUzQ2RpdiUyMGNsYXNzJTNEJTIyd2VfYXJlX2lubm8lMjIlM0UlMEElMjAlMjAlMjAlMjAlMjAlMjAlM0NoMiUzRVdlJTIwYXJlJTIwSU5OTyUzQyUyRmgyJTNFJTBBJTIwJTIwJTIwJTIwJTIwJTIwJTNDcCUzRUtub3ctaG93JTIwYW5kJTIwcGFzc2lvbiUzQ2JyJTNFZm9yJTIwdGVjaG5vbG9neSUzQyUyRnAlM0UlMEElMjAlMjAlM0MlMkZkaXYlM0UlMEElMjAlMjAlM0NkaXYlMjBpZCUzRCUyMmxvdHRpZS1hYm91dCUyMiUzRSUzQyUyRmRpdiUzRSUwQSUzQyUyRmRpdiUzRQ==[\/vc_raw_html][\/vc_column][\/vc_row][vc_row el_class=&#8220;padding overflow&#8220; css=&#8220;.vc_custom_1611754413742{background-color: #ffffff !important;}&#8220;][vc_column][vc_column_text css=&#8220;.vc_custom_1606208575637{padding-bottom: 40px !important;}&#8220;]<\/p>\n<h3>Geschichte<\/h3>\n<p>[\/vc_column_text]<div class='milestones'><div class='milestone'><div class='milestone-year'>2025<\/div><div class='milestone-text'>25-j\u00e4hriges Jubil\u00e4um<\/div><\/div><div class='milestone'><div class='milestone-year'>2020<\/div><div class='milestone-text'><!-- wp:paragraph -->\n<p>Neues Firmengeb\u00e4ude<\/p>\n<!-- \/wp:paragraph --><\/div><\/div><div class='milestone'><div class='milestone-year'>2018<\/div><div class='milestone-text'><!-- wp:paragraph -->\n<p>70 Angestellte<br>Zuverl\u00e4ssiger Partner<br>Langj\u00e4hrige Erfahrung<\/p>\n<!-- \/wp:paragraph --><\/div><\/div><div class='milestone'><div class='milestone-year'>2017<\/div><div class='milestone-text'><!-- wp:paragraph -->\n<p>SCOPE-Plattform<br>Joint Intelligence Analytics<\/p>\n<!-- \/wp:paragraph --><\/div><\/div><div class='milestone'><div class='milestone-year'>2013<\/div><div class='milestone-text'><!-- wp:paragraph -->\n<p>METASCOPE<br>Big Data Analytics<\/p>\n<!-- \/wp:paragraph --><\/div><\/div><div class='milestone'><div class='milestone-year'>2008<\/div><div class='milestone-text'><!-- wp:paragraph -->\n<p>Zweite Generation der Content Evaluation Suite<\/p>\n<!-- \/wp:paragraph --><\/div><\/div><div class='milestone'><div class='milestone-year'>2005<\/div><div class='milestone-text'><!-- wp:paragraph -->\n<p>Erste Version der Content Evaluation Suite<\/p>\n<!-- \/wp:paragraph --><\/div><\/div><div class='milestone'><div class='milestone-year'>2000<\/div><div class='milestone-text'><!-- wp:paragraph -->\n<p>Firmengr\u00fcndung durch drei ehemalige DORNIER-Ingenieure (heute EADS)<\/p>\n<!-- \/wp:paragraph --><\/div><\/div><\/div>[\/vc_column][\/vc_row][vc_row css=&#8220;.vc_custom_1641980342358{background-color: #ffffff !important;}&#8220;][vc_column width=&#8220;2\/6&#8243;][vc_column_text]<\/p>\n<h3>Mitglied der Plath Group<\/h3>\n<p>[\/vc_column_text][\/vc_column][vc_column width=&#8220;4\/6&#8243;][vc_column_text]<\/p>\n<blockquote><p>INNO ist seit 2007 Mitglied der PLATH Group. Die PLATH Group ist eine familiengef\u00fchrte Unternehmensgruppe mit Hauptsitz in Hamburg. Sie beliefert den Markt mit Produkten, Systemen und Dienstleistungen f\u00fcr die datenbasierte Krisenfr\u00fcherkennung und ist in f\u00fcnf Business Divisions gegliedert: <a href=\"https:\/\/systems.plathgroup.com\/de.html\">Systems &amp; Integration<\/a>, <a href=\"https:\/\/www.plathgroup.com\/de\/geschaeftsbereiche\/sensors.html\">Sensors<\/a>, <a href=\"https:\/\/procitec.de\/de\/\">Signal Analysis and Signal Monitoring<\/a>, <a href=\"https:\/\/www.plathgroup.com\/de\/geschaeftsbereiche\/radio-reconnaissance-software.html\">Radio Reconnaissance Software<\/a> und <a href=\"https:\/\/www.innosystec.de\/de\/\">Joint Intelligence Analytics<\/a>.<\/p><\/blockquote>\n<p>Mehr Informationen finden Sie unter <a href=\"http:\/\/www.plathgroup.com\">www.plathgroup.com<\/a>.[\/vc_column_text][\/vc_column][\/vc_row][vc_row css=&#8220;.vc_custom_1641980336395{padding-top: 20px !important;padding-bottom: 120px !important;background-color: #ffffff !important;}&#8220;][vc_column width=&#8220;2\/6&#8243;][vc_column_text]<\/p>\n<h3>Mitglied<\/h3>\n<p>[\/vc_column_text][\/vc_column][vc_column width=&#8220;4\/6&#8243;][vc_single_image image=&#8220;1338&#8243; img_size=&#8220;full&#8220; onclick=&#8220;custom_link&#8220; img_link_target=&#8220;_blank&#8220; link=&#8220;https:\/\/www.teletrust.de\/itsmig\/&#8220;][\/vc_column][\/vc_row]<\/p>\n<\/div>","protected":false},"excerpt":{"rendered":"<p>[vc_row full_width=&#8220;stretch_row_content_no_spaces&#8220; full_height=&#8220;yes&#8220; content_placement=&#8220;middle&#8220; awb_type=&#8220;video&#8220; awb_image_background_position=&#8220;50% 50%&#8220; awb_video_mobile=&#8220;1&#8243; awb_image=&#8220;449&#8243; awb_video_mp4=&#8220;447&#8243; el_class=&#8220;smaller&#8220;][vc_column width=&#8220;1\/2&#8243;][\/vc_column][vc_column width=&#8220;1\/2&#8243; el_class=&#8220;hero&#8220;][vc_column_text css=&#8220;&#8220;] INNO ist ein mittelst\u00e4ndisches, inhabergef\u00fchrtes IT-Unternehmen, das f\u00fcr Zuverl\u00e4ssigkeit, Dom\u00e4nen Know-how und Leidenschaft f\u00fcr Technologie [&hellip;]<\/p>\n","protected":false},"author":1,"featured_media":0,"parent":0,"menu_order":0,"comment_status":"closed","ping_status":"closed","template":"","meta":{"footnotes":""},"class_list":["post-459","page","type-page","status-publish","hentry"],"yoast_head":"<!-- This site is optimized with the Yoast SEO plugin v24.9 - https:\/\/yoast.com\/wordpress\/plugins\/seo\/ -->\n<title>\u00dcber uns &#8211; INNOSYSTEC GmbH<\/title>\n<meta name=\"description\" content=\"INNO ist ein mittelst\u00e4ndisches, inhabergef\u00fchrtes IT-Unternehmen, das f\u00fcr Zuverl\u00e4ssigkeit, Dom\u00e4nen Know-how und Leidenschaft f\u00fcr Technologie steht.\" \/>\n<meta name=\"robots\" content=\"index, follow, max-snippet:-1, max-image-preview:large, max-video-preview:-1\" \/>\n<link rel=\"canonical\" href=\"https:\/\/www.innosystec.de\/de\/ueber-uns\/\" \/>\n<meta property=\"og:locale\" content=\"de_DE\" \/>\n<meta property=\"og:type\" content=\"article\" \/>\n<meta property=\"og:title\" content=\"\u00dcber uns &#8211; INNOSYSTEC GmbH\" \/>\n<meta property=\"og:description\" content=\"INNO ist ein mittelst\u00e4ndisches, inhabergef\u00fchrtes IT-Unternehmen, das f\u00fcr Zuverl\u00e4ssigkeit, Dom\u00e4nen Know-how und Leidenschaft f\u00fcr Technologie steht.\" \/>\n<meta property=\"og:url\" content=\"https:\/\/www.innosystec.de\/de\/ueber-uns\/\" \/>\n<meta property=\"og:site_name\" content=\"INNOSYSTEC GmbH\" \/>\n<meta property=\"article:publisher\" content=\"https:\/\/www.facebook.com\/INNOSYSTECGmbH\/\" \/>\n<meta property=\"article:modified_time\" content=\"2026-02-10T12:59:30+00:00\" \/>\n<meta name=\"twitter:card\" content=\"summary_large_image\" \/>\n<meta name=\"twitter:label1\" content=\"Est. reading time\" \/>\n\t<meta name=\"twitter:data1\" content=\"2\u00a0Minuten\" \/>\n<script type=\"application\/ld+json\" class=\"yoast-schema-graph\">{\"@context\":\"https:\/\/schema.org\",\"@graph\":[{\"@type\":\"WebPage\",\"@id\":\"https:\/\/www.innosystec.de\/de\/ueber-uns\/\",\"url\":\"https:\/\/www.innosystec.de\/de\/ueber-uns\/\",\"name\":\"\u00dcber uns &#8211; INNOSYSTEC GmbH\",\"isPartOf\":{\"@id\":\"https:\/\/www.innosystec.de\/#website\"},\"datePublished\":\"2020-12-16T15:24:28+00:00\",\"dateModified\":\"2026-02-10T12:59:30+00:00\",\"description\":\"INNO ist ein mittelst\u00e4ndisches, inhabergef\u00fchrtes IT-Unternehmen, das f\u00fcr Zuverl\u00e4ssigkeit, Dom\u00e4nen Know-how und Leidenschaft f\u00fcr Technologie steht.\",\"breadcrumb\":{\"@id\":\"https:\/\/www.innosystec.de\/de\/ueber-uns\/#breadcrumb\"},\"inLanguage\":\"de\",\"potentialAction\":[{\"@type\":\"ReadAction\",\"target\":[\"https:\/\/www.innosystec.de\/de\/ueber-uns\/\"]}]},{\"@type\":\"BreadcrumbList\",\"@id\":\"https:\/\/www.innosystec.de\/de\/ueber-uns\/#breadcrumb\",\"itemListElement\":[{\"@type\":\"ListItem\",\"position\":1,\"name\":\"Home\",\"item\":\"https:\/\/www.innosystec.de\/de\/\"},{\"@type\":\"ListItem\",\"position\":2,\"name\":\"\u00dcber uns\"}]},{\"@type\":\"WebSite\",\"@id\":\"https:\/\/www.innosystec.de\/#website\",\"url\":\"https:\/\/www.innosystec.de\/\",\"name\":\"INNOSYSTEC GmbH\",\"description\":\"\",\"potentialAction\":[{\"@type\":\"SearchAction\",\"target\":{\"@type\":\"EntryPoint\",\"urlTemplate\":\"https:\/\/www.innosystec.de\/?s={search_term_string}\"},\"query-input\":{\"@type\":\"PropertyValueSpecification\",\"valueRequired\":true,\"valueName\":\"search_term_string\"}}],\"inLanguage\":\"de\"}]}<\/script>\n<!-- \/ Yoast SEO plugin. -->","yoast_head_json":{"title":"\u00dcber uns &#8211; INNOSYSTEC GmbH","description":"INNO ist ein mittelst\u00e4ndisches, inhabergef\u00fchrtes IT-Unternehmen, das f\u00fcr Zuverl\u00e4ssigkeit, Dom\u00e4nen Know-how und Leidenschaft f\u00fcr Technologie steht.","robots":{"index":"index","follow":"follow","max-snippet":"max-snippet:-1","max-image-preview":"max-image-preview:large","max-video-preview":"max-video-preview:-1"},"canonical":"https:\/\/www.innosystec.de\/de\/ueber-uns\/","og_locale":"de_DE","og_type":"article","og_title":"\u00dcber uns &#8211; INNOSYSTEC GmbH","og_description":"INNO ist ein mittelst\u00e4ndisches, inhabergef\u00fchrtes IT-Unternehmen, das f\u00fcr Zuverl\u00e4ssigkeit, Dom\u00e4nen Know-how und Leidenschaft f\u00fcr Technologie steht.","og_url":"https:\/\/www.innosystec.de\/de\/ueber-uns\/","og_site_name":"INNOSYSTEC GmbH","article_publisher":"https:\/\/www.facebook.com\/INNOSYSTECGmbH\/","article_modified_time":"2026-02-10T12:59:30+00:00","twitter_card":"summary_large_image","twitter_misc":{"Est. reading time":"2\u00a0Minuten"},"schema":{"@context":"https:\/\/schema.org","@graph":[{"@type":"WebPage","@id":"https:\/\/www.innosystec.de\/de\/ueber-uns\/","url":"https:\/\/www.innosystec.de\/de\/ueber-uns\/","name":"\u00dcber uns &#8211; INNOSYSTEC GmbH","isPartOf":{"@id":"https:\/\/www.innosystec.de\/#website"},"datePublished":"2020-12-16T15:24:28+00:00","dateModified":"2026-02-10T12:59:30+00:00","description":"INNO ist ein mittelst\u00e4ndisches, inhabergef\u00fchrtes IT-Unternehmen, das f\u00fcr Zuverl\u00e4ssigkeit, Dom\u00e4nen Know-how und Leidenschaft f\u00fcr Technologie steht.","breadcrumb":{"@id":"https:\/\/www.innosystec.de\/de\/ueber-uns\/#breadcrumb"},"inLanguage":"de","potentialAction":[{"@type":"ReadAction","target":["https:\/\/www.innosystec.de\/de\/ueber-uns\/"]}]},{"@type":"BreadcrumbList","@id":"https:\/\/www.innosystec.de\/de\/ueber-uns\/#breadcrumb","itemListElement":[{"@type":"ListItem","position":1,"name":"Home","item":"https:\/\/www.innosystec.de\/de\/"},{"@type":"ListItem","position":2,"name":"\u00dcber uns"}]},{"@type":"WebSite","@id":"https:\/\/www.innosystec.de\/#website","url":"https:\/\/www.innosystec.de\/","name":"INNOSYSTEC GmbH","description":"","potentialAction":[{"@type":"SearchAction","target":{"@type":"EntryPoint","urlTemplate":"https:\/\/www.innosystec.de\/?s={search_term_string}"},"query-input":{"@type":"PropertyValueSpecification","valueRequired":true,"valueName":"search_term_string"}}],"inLanguage":"de"}]}},"_links":{"self":[{"href":"https:\/\/www.innosystec.de\/de\/wp-json\/wp\/v2\/pages\/459","targetHints":{"allow":["GET"]}}],"collection":[{"href":"https:\/\/www.innosystec.de\/de\/wp-json\/wp\/v2\/pages"}],"about":[{"href":"https:\/\/www.innosystec.de\/de\/wp-json\/wp\/v2\/types\/page"}],"author":[{"embeddable":true,"href":"https:\/\/www.innosystec.de\/de\/wp-json\/wp\/v2\/users\/1"}],"replies":[{"embeddable":true,"href":"https:\/\/www.innosystec.de\/de\/wp-json\/wp\/v2\/comments?post=459"}],"version-history":[{"count":52,"href":"https:\/\/www.innosystec.de\/de\/wp-json\/wp\/v2\/pages\/459\/revisions"}],"predecessor-version":[{"id":2200,"href":"https:\/\/www.innosystec.de\/de\/wp-json\/wp\/v2\/pages\/459\/revisions\/2200"}],"wp:attachment":[{"href":"https:\/\/www.innosystec.de\/de\/wp-json\/wp\/v2\/media?parent=459"}],"curies":[{"name":"wp","href":"https:\/\/api.w.org\/{rel}","templated":true}]}}