{"id":1160,"date":"2023-01-18T12:18:42","date_gmt":"2023-01-18T12:18:42","guid":{"rendered":"https:\/\/www.innosystec.de\/?page_id=1160"},"modified":"2025-11-26T12:16:16","modified_gmt":"2025-11-26T12:16:16","slug":"produkte-2","status":"publish","type":"page","link":"https:\/\/www.innosystec.de\/de\/produkte-2\/","title":{"rendered":"Produkte"},"content":{"rendered":"<div class=\"wpb-content-wrapper\"><p>[vc_row content_placement=&#8220;middle&#8220; el_class=&#8220;padding&#8220; css=&#8220;.vc_custom_1626798640712{padding-top: 220px !important;}&#8220;][vc_column width=&#8220;2\/6&#8243;][vc_single_image image=&#8220;1009&#8243; img_size=&#8220;full&#8220; el_class=&#8220;tab-image&#8220;][\/vc_column][vc_column width=&#8220;4\/6&#8243;][vc_column_text css=&#8220;.vc_custom_1760953080562{padding-top: 0px !important;}&#8220;]<\/p>\n<h2><strong>SCOPE<\/strong><\/h2>\n<blockquote>\n<p class=\"p1\">25 Jahre Intelligence Expertise vereint in einem Analyse-Tool.<br \/>\nDas Ergebnis: eine leistungsstarke Anwendung, die Ihnen sicherheitsrelevante Entscheidungsgrundlagen in Echtzeit liefert. Lassen Sie uns gemeinsam die Welt ein Stu\u0308ck sicherer machen.<\/p>\n<\/blockquote>\n<p>[\/vc_column_text][vc_btn title=&#8220;Anfrage senden&#8220; link=&#8220;url:https%3A%2F%2Fwww.innosystec.de%2Fde%2Fkontakt%2F|title:Kontakt&#8220;][\/vc_column][\/vc_row][vc_row full_width=&#8220;stretch_row_content_no_spaces&#8220; el_class=&#8220;padding-small dark products-slider&#8220;][vc_column][vc_tta_pageable no_fill_content_area=&#8220;true&#8220; autoplay=&#8220;5&#8243; active_section=&#8220;1&#8243; pagination_style=&#8220;flat-square&#8220; el_id=&#8220;produkte_slider&#8220;][vc_tta_section title=&#8220;Inhaltsbereich 2&#8243; tab_id=&#8220;1626435686970-74d90eb8-0fd7&#8243;][vc_row_inner content_placement=&#8220;middle&#8220;][vc_column_inner width=&#8220;2\/6&#8243;][vc_single_image image=&#8220;1089&#8243; img_size=&#8220;full&#8220; alignment=&#8220;center&#8220; el_class=&#8220;tab-image&#8220;][\/vc_column_inner][vc_column_inner width=&#8220;4\/6&#8243;][vc_column_text]<\/p>\n<h2><strong>Von Spezialisten f\u00fcr Spezialisten<\/strong><\/h2>\n<p>[\/vc_column_text][vc_column_text]<\/p>\n<blockquote><p>Die Intelligence-Branche ist seit \u00fcber zwei Jahrzehnten unsere Dom\u00e4ne. Aus der Zusammenarbeit mit Sicherheitsbeh\u00f6rden, Milit\u00e4r und zivilen Nachrichtendiensten ist ein Analyse-Tool entstanden, das auf Ihre Anforderungen zugeschnitten ist.<br \/>\nVertrauen Sie auf modernste Software Made in Germany und lassen Sie uns gemeinsam die Welt ein St\u00fcck sicherer machen.<\/p><\/blockquote>\n<p>[\/vc_column_text][\/vc_column_inner][\/vc_row_inner][\/vc_tta_section][vc_tta_section title=&#8220;Inhaltsbereich 2&#8243; tab_id=&#8220;1626436091493-bb472574-2292&#8243;][vc_row_inner content_placement=&#8220;middle&#8220;][vc_column_inner width=&#8220;2\/6&#8243;][vc_single_image image=&#8220;1091&#8243; img_size=&#8220;full&#8220; alignment=&#8220;center&#8220; el_class=&#8220;tab-image&#8220;][\/vc_column_inner][vc_column_inner width=&#8220;4\/6&#8243;][vc_column_text]<\/p>\n<h2><strong>Kollaboration auf h\u00f6chstem Niveau<\/strong><\/h2>\n<p>[\/vc_column_text][vc_column_text]<\/p>\n<blockquote><p>Schluss mit Silodenken. Teilen Sie Ihre Arbeit im Team oder grenz- und systemu\u0308bergreifend. Mit SCOPE erhalten relevante Ansprechpartner Ihr Analyseergebnisse ohne Medienumbruch &#8211; sicher, schnell und einfach.<\/p><\/blockquote>\n<p>[\/vc_column_text][\/vc_column_inner][\/vc_row_inner][\/vc_tta_section][vc_tta_section title=&#8220;Inhaltsbereich 1&#8243; tab_id=&#8220;1626435686944-5b88e977-f143&#8243;][vc_row_inner content_placement=&#8220;middle&#8220;][vc_column_inner width=&#8220;2\/6&#8243;][vc_single_image image=&#8220;1064&#8243; img_size=&#8220;full&#8220; alignment=&#8220;center&#8220; el_class=&#8220;tab-image&#8220;][\/vc_column_inner][vc_column_inner width=&#8220;4\/6&#8243;][vc_column_text]<\/p>\n<h2><strong>Wir schaffen die Basis f\u00fcr Ihre Entscheidungen<\/strong><\/h2>\n<p>[\/vc_column_text][vc_column_text]<\/p>\n<blockquote>\n<p class=\"p2\">Neueste Technologie und h\u00f6chste Stack Standards erm\u00f6glichen die Analyse von Milliarden Datens\u00e4tzen pro Tag. So wird aus Big Data Wissen. Wann und wie Sie es brauchen.<span class=\"Apple-converted-space\">\u00a0<\/span><\/p>\n<\/blockquote>\n<p>[\/vc_column_text][\/vc_column_inner][\/vc_row_inner][\/vc_tta_section][\/vc_tta_pageable][\/vc_column][\/vc_row][vc_row el_class=&#8220;padding&#8220;][vc_column width=&#8220;1\/3&#8243;][vc_column_text]<\/p>\n<h2 style=\"text-align: left;\"><strong>Was ist SCOPE?<\/strong><\/h2>\n<p>[\/vc_column_text][\/vc_column][vc_column width=&#8220;2\/3&#8243;][vc_column_text]SCOPE ist die Intelligence-Analysesoftware, mit der aus Ihren Daten Erkenntnisse werden &#8211;<br \/>\nwann und wie Sie sie brauchen.<\/p>\n<p>Das System erm\u00f6glicht Ihnen das Bu\u0308ndeln von Daten aus unterschiedlichen Datenquellen zu<br \/>\nsicherheitsrelevanten Reportings. So erhalten Sie entscheidende Erkenntnisse zum richtigen<br \/>\nZeitpunkt.<\/p>\n<p>\u00dcberzeugen Sie sich von unserem Leistungsumfang und kontaktieren Sie uns.[\/vc_column_text][vc_column_text css=&#8220;.vc_custom_1626770571104{padding-top: 30px !important;}&#8220;]<a href=\"https:\/\/www.innosystec.de\/de\/kontakt\/\"><strong>Kontakt<\/strong><\/a><\/p>\n<p>[\/vc_column_text][\/vc_column][\/vc_row][vc_row][vc_column][vc_single_image image=&#8220;1129&#8243; img_size=&#8220;full&#8220;][\/vc_column][\/vc_row][vc_row el_class=&#8220;padding small-check min-height-100vh&#8220;][vc_column width=&#8220;1\/3&#8243;][vc_single_image image=&#8220;1016&#8243; img_size=&#8220;full&#8220; alignment=&#8220;center&#8220; el_class=&#8220;products-new-pin-pics&#8220;][\/vc_column][vc_column width=&#8220;2\/3&#8243;][vc_column_text]<\/p>\n<h2><strong>Unsere Produkte. Ihre Vorteile.<\/strong><\/h2>\n<p>[\/vc_column_text]<div class='icon_accordion'><div><img decoding=\"async\" src=\"https:\/\/www.innosystec.de\/wp-content\/uploads\/2021\/07\/check.svg\" alt=\"Icon\"><\/div><div><h4>Software, wie f\u00fcr Sie gemacht:<\/h4><p>Von Plug&amp;Play bis Individuall\u00f6sung - SCOPE ist Ihr hoch skalierbares, leistungsstarkes Analysetool.<\/p><\/div><\/div><div class='icon_accordion'><div><img decoding=\"async\" src=\"https:\/\/www.innosystec.de\/wp-content\/uploads\/2021\/07\/check.svg\" alt=\"Icon\"><\/div><div><h4>Wissen, worauf es ankommt:<\/h4><p>Vertrauen Sie auf 20 Jahre Intelligence Know-How Made in Germany.<\/p><\/div><\/div><div class='icon_accordion'><div><img decoding=\"async\" src=\"https:\/\/www.innosystec.de\/wp-content\/uploads\/2021\/07\/check.svg\" alt=\"Icon\"><\/div><div><h4>Kosteneffizienz und -transparenz:<\/h4><p>Ihre Kosten entsprechen immer dem aktuellen Leistungsumfang. Wir nennen das Pay-as-you-grow.<\/p><\/div><\/div><div class='icon_accordion'><div><img decoding=\"async\" src=\"https:\/\/www.innosystec.de\/wp-content\/uploads\/2021\/07\/check.svg\" alt=\"Icon\"><\/div><div><h4>Divide &amp; Conquer:<\/h4><p>Teilen Sie Erkenntnisse schnell und sicher \u2013 ohne Medienbruch und, wenn gew\u00fcnscht, beh\u00f6rden\u00fcbergreifend.<\/p><\/div><\/div><div class='icon_accordion'><div><img decoding=\"async\" src=\"https:\/\/www.innosystec.de\/wp-content\/uploads\/2021\/07\/check.svg\" alt=\"Icon\"><\/div><div><h4>Erkenntnisse auf den Punkt gebracht:<\/h4><p>Profitieren Sie von hoher Pr\u00e4zision dank vielschichtiger Zusammenh\u00e4nge in Echtzeit. Erstellen Sie qualifizierte Reports dank der Verkn\u00fcpfung unterschiedlichster Datenquellen.<\/p><\/div><\/div>[\/vc_column][\/vc_row][vc_row el_class=&#8220;fuenf-gute-gruende min-height-100vh&#8220;][vc_column width=&#8220;1\/3&#8243;][vc_single_image image=&#8220;1027&#8243; img_size=&#8220;full&#8220; alignment=&#8220;center&#8220; el_class=&#8220;products-new-pin-pics&#8220;][\/vc_column][vc_column width=&#8220;2\/3&#8243;][vc_column_text css=&#8220;&#8220;]<\/p>\n<h2><strong>SCOPE \u2013<\/strong> ALL-SOURCE-ANALYTICS<\/h2>\n<p>[\/vc_column_text][vc_column_text]<\/p>\n<blockquote><p>SCOPE ist perfekt f\u00fcr die Analyse gro\u00dfer Datenmengen aus einer Vielzahl von Quellen.<\/p>\n<p>Bleiben Sie Herr der Lage: reagieren Sie zielgerichtet und schnell.<\/p><\/blockquote>\n<p>[\/vc_column_text][\/vc_column][\/vc_row][vc_row el_class=&#8220;fuenf-gute-gruende min-height-100vh&#8220;][vc_column width=&#8220;1\/3&#8243;][vc_single_image image=&#8220;1027&#8243; img_size=&#8220;full&#8220; alignment=&#8220;center&#8220; el_class=&#8220;products-new-pin-pics&#8220;][\/vc_column][vc_column width=&#8220;2\/3&#8243;][vc_column_text css=&#8220;.vc_custom_1626433459655{margin-top: 100px !important;}&#8220;]<\/p>\n<h2><strong>5 gute Gr\u00fcnde sich f\u00fcr SCOPE zu entscheiden<\/strong><\/h2>\n<p>[\/vc_column_text]<div class='icon_accordion has-content'><div><img decoding=\"async\" src=\"https:\/\/www.innosystec.de\/wp-content\/uploads\/2021\/07\/zukunftssicher.svg\" alt=\"Icon\"><\/div><div><h4>Zukunftssicher<\/h4><p>SCOPE ist hoch variabel und l\u00e4sst sich problemlos an Ihren aktuellen Bedarf anpassen. Offene Schnittstellen machen SCOPE zu einem zukunftssicheren System. Wie auch immer sich die Intelligence-Welt entwickelt, wir haben die passende L\u00f6sung.<\/p><a href='#' class='accordion-more'><strong>Mehr erfahren<\/strong><\/a><div class=\"accordion-content\"><\/p>\n<p class=\"p2\"><b>Schnittstellen<br \/>\n<\/b>Einfache Integration verschiedener Quellen. Profitieren Sie von der standardisierten, offenen Schnittstelle. Dank dieser k\u00f6nnen auch Sensoren, die nicht standardm\u00e4\u00dfig unterst\u00fctzt werden, in wenigen Schritten \u00fcber eine json basierte API angebunden werden.<span class=\"Apple-converted-space\">\u00a0<\/span><\/p>\n<p class=\"p2\"><b>Skalierbarkeit<br \/>\n<\/b>Ob mehr Benutzer, weitere Sensoren, zus\u00e4tzliche Standorte oder l\u00e4ngere Vorhaltezeiten &#8211; SCOPE passt sich Ihren Bed\u00fcrfnissen an und ist in alle Richtungen skalierbar.<span class=\"Apple-converted-space\">\u00a0<\/span><\/p>\n<p class=\"p2\"><b>Datenfusion<br \/>\n<\/b>Messerscharf kombiniert: SCOPE vereint s\u00e4mtliche Daten in einem System. Dank der umfassenden Verkn\u00fcpfung k\u00f6nnen Beziehungen zwischen Daten aus unterschiedlichen Quellen abgebildet und erforscht werden. Das macht Ihre Reports noch pr\u00e4ziser.<span class=\"Apple-converted-space\">\u00a0<\/span><\/p>\n<p class=\"p2\"><b>Datenbanken<span class=\"Apple-converted-space\"><br \/>\n<\/span><\/b>Integrieren Sie auch bestehende Datenbanken problemlos in unser System. SCOPE bezieht Grundlagendaten in die Analyse ein und kombiniert sie mit Sensordaten. So erhalten Sie ein vollumf\u00e4ngliches Bild der Lage.<span class=\"Apple-converted-space\">\u00a0<\/span><\/p>\n<p class=\"p2\"><b>Technologiestandards<span class=\"Apple-converted-space\"><br \/>\n<\/span><\/b>Setzen Sie auf ein robustes und erweiterbares System. SCOPE basiert auf den neusten Technologiestandards und implementiert Microservice Architecture und Open-Source- Software.<span class=\"Apple-converted-space\">\u00a0<\/span><\/p>\n<p class=\"p2\"><b>Massendaten-Analyse<span class=\"Apple-converted-space\"><br \/>\n<\/span><\/b>Bleiben Sie auch bei erheblichen Datenmengen schnell entscheidungsf\u00e4hig. SCOPE ist darauf ausgelegt, mehrere Millionen Events pro Tag auszuwerten. Das robuste und leistungsstarke Programm liefert Ihnen auch bei gro\u00dfen Datenmengen verschiedenster Quellen \u00fcbersichtliche Analysen und zuverl\u00e4ssige Entscheidungsgrundlagen.<span class=\"Apple-converted-space\">\u00a0<\/span><\/p>\n<p><\/div><\/div><\/div><div class='icon_accordion has-content'><div><img decoding=\"async\" src=\"https:\/\/www.innosystec.de\/wp-content\/uploads\/2021\/07\/anwenderoptimiert.svg\" alt=\"Icon\"><\/div><div><h4>Anwenderoptimiert<\/h4><p>SCOPE ist von Spezialisten f\u00fcr Spezialisten gemacht. Das merken Ihre Analysten bei jedem Arbeitsschritt. Von der Visualisierung von Analyseergebnissen bis zum Reporting: Bei SCOPEstehen Nutzerfreundlichkeit und \u00dcbersichtlichkeit an erster Stelle.<\/p><a href='#' class='accordion-more'><strong>Mehr erfahren<\/strong><\/a><div class=\"accordion-content\"><\/p>\n<p class=\"p2\"><b>Visualisierung<span class=\"Apple-converted-space\"><br \/>\n<\/span><\/b>Erfassen Sie Zusammenh\u00e4nge, Tendenzen und Anomalien einfach und schnell. SCOPE visualisiert Ihre Analyseergebnisse mittels interaktiver Abbildungen anwenderfreundlich und \u00fcbersichtlich. Das macht Ihre Arbeit leichter und effizienter.<span class=\"Apple-converted-space\">\u00a0<\/span><\/p>\n<p class=\"p2\"><b>Geo-Analyse<span class=\"Apple-converted-space\"><br \/>\n<\/span><\/b>Mit SCOPE behalten Sie immer den \u00dcberblick. Geoinformationen werden in vielschichtigen Kartendarstellungen mit Heatmap, Tracks und Trackplayer \u00fcbersichtlich dargestellt.<span class=\"Apple-converted-space\">\u00a0<\/span><\/p>\n<p class=\"p2\"><b>Temporal-Analyse<span class=\"Apple-converted-space\"><br \/>\n<\/span><\/b>Erstellen Sie pr\u00e4zise, zeitbasierte Analysen. Individuell einstellbare Zeitintervalle erm\u00f6glichen die Analyse verschiedener Events: parallel \u00fcber einen langen Zeitraum oder einzeln pro Zeiteinheit und Ort.<span class=\"Apple-converted-space\">\u00a0<\/span><\/p>\n<p class=\"p2\"><b>Reporting<span class=\"Apple-converted-space\"><br \/>\n<\/span><\/b>Erhalten Sie die wichtigsten Erkenntnisse auf einen Blick: SCOPE erstellt aus Ihren Analyseergebnissen einen qualifizierten Report. Events und Grafiken werden f\u00fcr ein \u00fcbersichtliches Ergebnis direkt eingebunden.<span class=\"Apple-converted-space\">\u00a0<\/span><\/p>\n<p><\/div><\/div><\/div><div class='icon_accordion has-content'><div><img decoding=\"async\" src=\"https:\/\/www.innosystec.de\/wp-content\/uploads\/2021\/07\/kollaborativ.svg\" alt=\"Icon\"><\/div><div><h4>Kollaborativ<\/h4><p>Im Team, grenz- oder systemu\u0308bergreifend, der Austausch von Informationen in Echtzeit ist essenzieller denn je. Mit SCOPE teilen Sie Erkenntnisse sicher, schnell und ohne Informationsverlust.<\/p><a href='#' class='accordion-more'><strong>Mehr erfahren<\/strong><\/a><div class=\"accordion-content\"><\/p>\n<p><strong>Zusammenarbeit<\/strong><br \/>\nTeilen Sie Ihre Arbeit im Team oder grenz- und system\u00fcberschreitend. Mit SCOPE erhalten relevante Ansprechpartner Ihr Analyseergebnisse ohne Medienumbruch &#8211; sicher, schnell und einfach.<\/p>\n<p><strong>Fallmanagement<\/strong><br \/>\nSCOPE erm\u00f6glicht die fallbasierte Organisation Ihrer Analyseergebnisse. Auch hier steuern Sie selbst, wer Zugriff auf die einzelnen F\u00e4lle hat.<\/div><\/div><\/div><div class='icon_accordion has-content'><div><img decoding=\"async\" src=\"https:\/\/www.innosystec.de\/wp-content\/uploads\/2021\/07\/sicher.svg\" alt=\"Icon\"><\/div><div><h4>Sicher<\/h4><p>Als deutsches Unternehmen f\u00fchlen wir uns den europ\u00e4ischen Werten verpflichtet und setzen daher ausschlie\u00dflich auf ein europ\u00e4ischen Parnternetzwerk. Au\u00dferdem bleibt die Datenhoheit stets bei Ihnen - sicher ist sicher.<\/p><a href='#' class='accordion-more'><strong>Mehr erfahren<\/strong><\/a><div class=\"accordion-content\"><\/p>\n<p><strong>Autorisierung<\/strong><br \/>\nNicht alle Informationen sind f\u00fcr jede Person in der Organisation bestimmt. Ab jetzt legen Sie die individuelle Vergabe von Zugriffsrechten innerhalb der SCOPE Software fest. Profitieren Sie von unserem ausgereiften Gruppen- und Rollenkonzept und machen Sie Ihre Analysedaten noch sicherer.<\/p>\n<p><strong>Datenhoheit<\/strong><br \/>\nDie Hoheit \u00fcber Ihre Daten bleibt immer bei Ihnen. INNOSYSTEC hat zu keinem Zeitpunkt Zugang zu Ihrem System oder Ihren Daten \u2013 ohne Ausnahme.<\/div><\/div><\/div><div class='icon_accordion has-content'><div><img decoding=\"async\" src=\"https:\/\/www.innosystec.de\/wp-content\/uploads\/2021\/07\/attraktiv.svg\" alt=\"Icon\"><\/div><div><h4>Attraktiv<\/h4><p>Profitieren Sie von unserem Pay-as-you-grow-Ansatz. Zahlen Sie den aktuell ben\u00f6tigten Leistungsumfang, und lassen Sie das System mit Ihrer Organisation wachsen. Das ist transparent und fair.<\/p><a href='#' class='accordion-more'><strong>Mehr erfahren<\/strong><\/a><div class=\"accordion-content\"><\/p>\n<p class=\"p1\"><b>Preistransparenz<br \/>\n<\/b>\u201ePay as you grow\u201c. Profitieren Sie von unserem skalierbaren Preismodell ohne versteckte Kosten. So behalten Sie auch bei den Kosten immer den \u00dcberblick.<br \/>\nSprechen Sie uns an, um mehr zu erfahren.<\/p>\n<p><\/div><\/div><\/div>[\/vc_column][\/vc_row][vc_row el_class=&#8220;padding min-height-100vh&#8220;][vc_column width=&#8220;1\/3&#8243;][vc_single_image image=&#8220;1047&#8243; img_size=&#8220;full&#8220; alignment=&#8220;center&#8220; el_class=&#8220;products-new-pin-pics&#8220;][\/vc_column][vc_column width=&#8220;2\/3&#8243;][vc_column_text]<\/p>\n<h2><strong>SCOPE BOX \u2013<\/strong> Volle Power. Kurze Lieferzeit.<\/h2>\n<p>[\/vc_column_text][vc_column_text]<\/p>\n<blockquote><p>SCOPE BOX erm\u00f6glicht Ihnen den einfachen und schnellen Einstieg in die Intellegence Analytics by INNO &#8211; ohne auf Funktionalit\u00e4ten verzichten zu m\u00fcssen.<\/p><\/blockquote>\n<p>[\/vc_column_text][\/vc_column][\/vc_row][vc_row el_class=&#8220;padding min-height-100vh&#8220;][vc_column width=&#8220;1\/3&#8243;][vc_single_image image=&#8220;1047&#8243; img_size=&#8220;full&#8220; alignment=&#8220;center&#8220; el_class=&#8220;products-new-pin-pics&#8220;][\/vc_column][vc_column width=&#8220;2\/3&#8243;][vc_column_text css=&#8220;.vc_custom_1626434182368{margin-top: 100px !important;}&#8220;]<\/p>\n<h2><strong>Wann ist SCOPE BOX das richtige fu\u0308r mich?<\/strong><\/h2>\n<p>[\/vc_column_text]<div class='icon_accordion'><div><img decoding=\"async\" src=\"https:\/\/www.innosystec.de\/wp-content\/uploads\/2021\/07\/kurzfristig.svg\" alt=\"Icon\"><\/div><div><h4>Kurzfristige Verf\u00fcgbarkeit<\/h4><p>Verzichten Sie auf die aufwendige Beschaffung von Hardware und werden Sie schnell einsatzf\u00e4hig. Mit SCOPE BOX erhalten Sie ein konfektioniertes Software-Hardware-Paket mit dem Sie innerhalb von 8 Wochen ab Bestellung Analysen in vollem Leistungsumfang durchfu\u0308hren k\u00f6nnen.<\/p><\/div><\/div><div class='icon_accordion'><div><img decoding=\"async\" src=\"https:\/\/www.innosystec.de\/wp-content\/uploads\/2021\/07\/teams.svg\" alt=\"Icon\"><\/div><div><h4>Ideal f\u00fcr kleine Teams<\/h4><p>SCOPE BOX verf\u00fcgt \u00fcber alle Funktionalit\u00e4ten von SCOPE, lediglich die Anzahl der Nutzer ist limitiert. Das macht das System ideal f\u00fcr das Arbeiten in kleineren Teams der separaten Instanzen.<\/p><\/div><\/div><div class='icon_accordion'><div><img decoding=\"async\" src=\"https:\/\/www.innosystec.de\/wp-content\/uploads\/2021\/07\/kostenguenstig.svg\" alt=\"Icon\"><\/div><div><h4>Kosteng\u00fcnstig<\/h4><p>Starten Sie schnell und kosteng\u00fcnstig in Welt der Intelligence Analystics by INNO.<br \/>\nSprechen Sie uns an, um mehr zu erfahren.<\/p><\/div><\/div>[\/vc_column][\/vc_row][vc_row el_class=&#8220;small-check min-height-100vh&#8220;][vc_column width=&#8220;1\/3&#8243;][vc_single_image image=&#8220;1058&#8243; img_size=&#8220;full&#8220; alignment=&#8220;center&#8220; el_class=&#8220;products-new-pin-pics&#8220;][\/vc_column][vc_column width=&#8220;2\/3&#8243;][vc_column_text]<\/p>\n<h2><strong> Add Ons, Services &amp; Support<\/strong><br \/>\nGro\u00dfe Auswahl. Maximale Flexibilit\u00e4t.<\/h2>\n<p>[\/vc_column_text][vc_column_text]<\/p>\n<blockquote><p>Sie ben\u00f6tigen mehr Unterst\u00fctzung in Form von Trainings, einen erweiterten Service oder Ihre SCOPE BOX ben\u00f6tigt mehr Schnittstellen? Sprechen Sie uns an. Wir beraten Sie gern und stellen Ihnen unsere breites Portfolio an Add Ons und Services &amp; Support vor.<\/p><\/blockquote>\n<p>[\/vc_column_text][\/vc_column][\/vc_row][vc_row el_class=&#8220;padding&#8220;][vc_column][vc_column_text]<\/p>\n<h2 style=\"text-align: center;\"><strong>Bereit?<\/strong><\/h2>\n<h2 style=\"text-align: center;\">Kontaktieren Sie uns f\u00fcr weitere Informationen<\/h2>\n<p>[\/vc_column_text][vc_btn title=&#8220;Buchen Sie einen Termin mit einem unserer Experten&#8220; align=&#8220;center&#8220; link=&#8220;url:https%3A%2F%2Fwww.innosystec.de%2Fde%2Fkontakt%2F|title:Kontakt&#8220;][\/vc_column][\/vc_row]<\/p>\n<\/div>","protected":false},"excerpt":{"rendered":"<p>[vc_row content_placement=&#8220;middle&#8220; el_class=&#8220;padding&#8220; css=&#8220;.vc_custom_1626798640712{padding-top: 220px !important;}&#8220;][vc_column width=&#8220;2\/6&#8243;][vc_single_image image=&#8220;1009&#8243; img_size=&#8220;full&#8220; el_class=&#8220;tab-image&#8220;][\/vc_column][vc_column width=&#8220;4\/6&#8243;][vc_column_text css=&#8220;.vc_custom_1760953080562{padding-top: 0px !important;}&#8220;] SCOPE 25 Jahre Intelligence Expertise vereint in einem Analyse-Tool. Das Ergebnis: eine leistungsstarke Anwendung, die Ihnen [&hellip;]<\/p>\n","protected":false},"author":1,"featured_media":0,"parent":0,"menu_order":0,"comment_status":"closed","ping_status":"closed","template":"","meta":{"footnotes":""},"class_list":["post-1160","page","type-page","status-publish","hentry"],"yoast_head":"<!-- This site is optimized with the Yoast SEO plugin v24.9 - https:\/\/yoast.com\/wordpress\/plugins\/seo\/ -->\n<title>Produkte &#8211; INNOSYSTEC GmbH<\/title>\n<meta name=\"description\" content=\"SCOPE erm\u00f6glicht die Verarbeitung und Auswertung von gro\u00dfen Datenvolumina. Massendaten werden zu wichtigen Erkenntnissen, aus Big Data entsteht Big Knowledge.\" \/>\n<meta name=\"robots\" content=\"index, follow, max-snippet:-1, max-image-preview:large, max-video-preview:-1\" \/>\n<link rel=\"canonical\" href=\"https:\/\/www.innosystec.de\/de\/produkte-2\/\" \/>\n<meta property=\"og:locale\" content=\"de_DE\" \/>\n<meta property=\"og:type\" content=\"article\" \/>\n<meta property=\"og:title\" content=\"Produkte &#8211; INNOSYSTEC GmbH\" \/>\n<meta property=\"og:description\" content=\"SCOPE erm\u00f6glicht die Verarbeitung und Auswertung von gro\u00dfen Datenvolumina. Massendaten werden zu wichtigen Erkenntnissen, aus Big Data entsteht Big Knowledge.\" \/>\n<meta property=\"og:url\" content=\"https:\/\/www.innosystec.de\/de\/produkte-2\/\" \/>\n<meta property=\"og:site_name\" content=\"INNOSYSTEC GmbH\" \/>\n<meta property=\"article:publisher\" content=\"https:\/\/www.facebook.com\/INNOSYSTECGmbH\/\" \/>\n<meta property=\"article:modified_time\" content=\"2025-11-26T12:16:16+00:00\" \/>\n<meta name=\"twitter:card\" content=\"summary_large_image\" \/>\n<meta name=\"twitter:label1\" content=\"Est. reading time\" \/>\n\t<meta name=\"twitter:data1\" content=\"7\u00a0Minuten\" \/>\n<script type=\"application\/ld+json\" class=\"yoast-schema-graph\">{\"@context\":\"https:\/\/schema.org\",\"@graph\":[{\"@type\":\"WebPage\",\"@id\":\"https:\/\/www.innosystec.de\/de\/produkte-2\/\",\"url\":\"https:\/\/www.innosystec.de\/de\/produkte-2\/\",\"name\":\"Produkte &#8211; INNOSYSTEC GmbH\",\"isPartOf\":{\"@id\":\"https:\/\/www.innosystec.de\/#website\"},\"datePublished\":\"2023-01-18T12:18:42+00:00\",\"dateModified\":\"2025-11-26T12:16:16+00:00\",\"description\":\"SCOPE erm\u00f6glicht die Verarbeitung und Auswertung von gro\u00dfen Datenvolumina. Massendaten werden zu wichtigen Erkenntnissen, aus Big Data entsteht Big Knowledge.\",\"breadcrumb\":{\"@id\":\"https:\/\/www.innosystec.de\/de\/produkte-2\/#breadcrumb\"},\"inLanguage\":\"de\",\"potentialAction\":[{\"@type\":\"ReadAction\",\"target\":[\"https:\/\/www.innosystec.de\/de\/produkte-2\/\"]}]},{\"@type\":\"BreadcrumbList\",\"@id\":\"https:\/\/www.innosystec.de\/de\/produkte-2\/#breadcrumb\",\"itemListElement\":[{\"@type\":\"ListItem\",\"position\":1,\"name\":\"Home\",\"item\":\"https:\/\/www.innosystec.de\/de\/\"},{\"@type\":\"ListItem\",\"position\":2,\"name\":\"Produkte\"}]},{\"@type\":\"WebSite\",\"@id\":\"https:\/\/www.innosystec.de\/#website\",\"url\":\"https:\/\/www.innosystec.de\/\",\"name\":\"INNOSYSTEC GmbH\",\"description\":\"\",\"potentialAction\":[{\"@type\":\"SearchAction\",\"target\":{\"@type\":\"EntryPoint\",\"urlTemplate\":\"https:\/\/www.innosystec.de\/?s={search_term_string}\"},\"query-input\":{\"@type\":\"PropertyValueSpecification\",\"valueRequired\":true,\"valueName\":\"search_term_string\"}}],\"inLanguage\":\"de\"}]}<\/script>\n<!-- \/ Yoast SEO plugin. -->","yoast_head_json":{"title":"Produkte &#8211; INNOSYSTEC GmbH","description":"SCOPE erm\u00f6glicht die Verarbeitung und Auswertung von gro\u00dfen Datenvolumina. Massendaten werden zu wichtigen Erkenntnissen, aus Big Data entsteht Big Knowledge.","robots":{"index":"index","follow":"follow","max-snippet":"max-snippet:-1","max-image-preview":"max-image-preview:large","max-video-preview":"max-video-preview:-1"},"canonical":"https:\/\/www.innosystec.de\/de\/produkte-2\/","og_locale":"de_DE","og_type":"article","og_title":"Produkte &#8211; INNOSYSTEC GmbH","og_description":"SCOPE erm\u00f6glicht die Verarbeitung und Auswertung von gro\u00dfen Datenvolumina. Massendaten werden zu wichtigen Erkenntnissen, aus Big Data entsteht Big Knowledge.","og_url":"https:\/\/www.innosystec.de\/de\/produkte-2\/","og_site_name":"INNOSYSTEC GmbH","article_publisher":"https:\/\/www.facebook.com\/INNOSYSTECGmbH\/","article_modified_time":"2025-11-26T12:16:16+00:00","twitter_card":"summary_large_image","twitter_misc":{"Est. reading time":"7\u00a0Minuten"},"schema":{"@context":"https:\/\/schema.org","@graph":[{"@type":"WebPage","@id":"https:\/\/www.innosystec.de\/de\/produkte-2\/","url":"https:\/\/www.innosystec.de\/de\/produkte-2\/","name":"Produkte &#8211; INNOSYSTEC GmbH","isPartOf":{"@id":"https:\/\/www.innosystec.de\/#website"},"datePublished":"2023-01-18T12:18:42+00:00","dateModified":"2025-11-26T12:16:16+00:00","description":"SCOPE erm\u00f6glicht die Verarbeitung und Auswertung von gro\u00dfen Datenvolumina. Massendaten werden zu wichtigen Erkenntnissen, aus Big Data entsteht Big Knowledge.","breadcrumb":{"@id":"https:\/\/www.innosystec.de\/de\/produkte-2\/#breadcrumb"},"inLanguage":"de","potentialAction":[{"@type":"ReadAction","target":["https:\/\/www.innosystec.de\/de\/produkte-2\/"]}]},{"@type":"BreadcrumbList","@id":"https:\/\/www.innosystec.de\/de\/produkte-2\/#breadcrumb","itemListElement":[{"@type":"ListItem","position":1,"name":"Home","item":"https:\/\/www.innosystec.de\/de\/"},{"@type":"ListItem","position":2,"name":"Produkte"}]},{"@type":"WebSite","@id":"https:\/\/www.innosystec.de\/#website","url":"https:\/\/www.innosystec.de\/","name":"INNOSYSTEC GmbH","description":"","potentialAction":[{"@type":"SearchAction","target":{"@type":"EntryPoint","urlTemplate":"https:\/\/www.innosystec.de\/?s={search_term_string}"},"query-input":{"@type":"PropertyValueSpecification","valueRequired":true,"valueName":"search_term_string"}}],"inLanguage":"de"}]}},"_links":{"self":[{"href":"https:\/\/www.innosystec.de\/de\/wp-json\/wp\/v2\/pages\/1160","targetHints":{"allow":["GET"]}}],"collection":[{"href":"https:\/\/www.innosystec.de\/de\/wp-json\/wp\/v2\/pages"}],"about":[{"href":"https:\/\/www.innosystec.de\/de\/wp-json\/wp\/v2\/types\/page"}],"author":[{"embeddable":true,"href":"https:\/\/www.innosystec.de\/de\/wp-json\/wp\/v2\/users\/1"}],"replies":[{"embeddable":true,"href":"https:\/\/www.innosystec.de\/de\/wp-json\/wp\/v2\/comments?post=1160"}],"version-history":[{"count":3,"href":"https:\/\/www.innosystec.de\/de\/wp-json\/wp\/v2\/pages\/1160\/revisions"}],"predecessor-version":[{"id":2193,"href":"https:\/\/www.innosystec.de\/de\/wp-json\/wp\/v2\/pages\/1160\/revisions\/2193"}],"wp:attachment":[{"href":"https:\/\/www.innosystec.de\/de\/wp-json\/wp\/v2\/media?parent=1160"}],"curies":[{"name":"wp","href":"https:\/\/api.w.org\/{rel}","templated":true}]}}